{"id":39720,"date":"2025-06-12T11:55:11","date_gmt":"2025-06-12T11:55:11","guid":{"rendered":"https:\/\/viavector.co\/converter-png-em-vetor\/"},"modified":"2025-06-18T17:37:48","modified_gmt":"2025-06-18T17:37:48","slug":"converter-png-em-vetor","status":"publish","type":"page","link":"https:\/\/viavector.co\/pt-pt\/converter\/converter-png-em-vetor\/","title":{"rendered":"Converter PNG em Vetor"},"content":{"rendered":"","protected":false},"excerpt":{"rendered":"","protected":false},"author":2,"featured_media":39638,"parent":39796,"menu_order":0,"comment_status":"closed","ping_status":"closed","template":"","meta":{"footnotes":""},"class_list":["post-39720","page","type-page","status-publish","has-post-thumbnail","hentry"],"yoast_head":"<!-- This site is optimized with the Yoast SEO plugin v27.4 - https:\/\/yoast.com\/product\/yoast-seo-wordpress\/ -->\n<title>Converte PNG para Vetor | Ficheiros Vectoriais Limpos e Escal\u00e1veis<\/title>\n<meta name=\"description\" content=\"Converte PNG para vetor com o nosso servi\u00e7o profissional. Obt\u00e9m ficheiros vectoriais n\u00edtidos e escal\u00e1veis a partir de qualquer imagem, perfeitos para log\u00f3tipos e projectos de impress\u00e3o.\" \/>\n<meta name=\"robots\" content=\"index, follow, max-snippet:-1, max-image-preview:large, max-video-preview:-1\" \/>\n<link rel=\"canonical\" href=\"https:\/\/viavector.co\/pt-pt\/converter\/converter-png-em-vetor\/\" \/>\n<meta property=\"og:locale\" content=\"pt_PT\" \/>\n<meta property=\"og:type\" content=\"article\" \/>\n<meta property=\"og:title\" content=\"Converte PNG para Vetor | Ficheiros Vectoriais Limpos e Escal\u00e1veis\" \/>\n<meta property=\"og:description\" content=\"Converte PNG para vetor com o nosso servi\u00e7o profissional. Obt\u00e9m ficheiros vectoriais n\u00edtidos e escal\u00e1veis a partir de qualquer imagem, perfeitos para log\u00f3tipos e projectos de impress\u00e3o.\" \/>\n<meta property=\"og:url\" content=\"https:\/\/viavector.co\/pt-pt\/converter\/converter-png-em-vetor\/\" \/>\n<meta property=\"og:site_name\" content=\"ViaVector\" \/>\n<meta property=\"article:publisher\" content=\"https:\/\/facebook.com\/ViaVectorDesign\" \/>\n<meta property=\"article:modified_time\" content=\"2025-06-18T17:37:48+00:00\" \/>\n<meta property=\"og:image\" content=\"https:\/\/viavector.co\/wp-content\/uploads\/2025\/06\/ViaVector-Vectorization-Service.jpg\" \/>\n\t<meta property=\"og:image:width\" content=\"1200\" \/>\n\t<meta property=\"og:image:height\" content=\"800\" \/>\n\t<meta property=\"og:image:type\" content=\"image\/jpeg\" \/>\n<meta name=\"twitter:card\" content=\"summary_large_image\" \/>\n<meta name=\"twitter:site\" content=\"@ViaVector\" \/>\n<script type=\"application\/ld+json\" class=\"yoast-schema-graph\">{\"@context\":\"https:\\\/\\\/schema.org\",\"@graph\":[{\"@type\":\"WebPage\",\"@id\":\"https:\\\/\\\/viavector.co\\\/pt-pt\\\/converter\\\/converter-png-em-vetor\\\/\",\"url\":\"https:\\\/\\\/viavector.co\\\/pt-pt\\\/converter\\\/converter-png-em-vetor\\\/\",\"name\":\"Converte PNG para Vetor | Ficheiros Vectoriais Limpos e Escal\u00e1veis\",\"isPartOf\":{\"@id\":\"https:\\\/\\\/viavector.co\\\/pt-pt\\\/#website\"},\"primaryImageOfPage\":{\"@id\":\"https:\\\/\\\/viavector.co\\\/pt-pt\\\/converter\\\/converter-png-em-vetor\\\/#primaryimage\"},\"image\":{\"@id\":\"https:\\\/\\\/viavector.co\\\/pt-pt\\\/converter\\\/converter-png-em-vetor\\\/#primaryimage\"},\"thumbnailUrl\":\"https:\\\/\\\/viavector.co\\\/wp-content\\\/uploads\\\/2025\\\/06\\\/ViaVector-Vectorization-Service.jpg\",\"datePublished\":\"2025-06-12T11:55:11+00:00\",\"dateModified\":\"2025-06-18T17:37:48+00:00\",\"description\":\"Converte PNG para vetor com o nosso servi\u00e7o profissional. Obt\u00e9m ficheiros vectoriais n\u00edtidos e escal\u00e1veis a partir de qualquer imagem, perfeitos para log\u00f3tipos e projectos de impress\u00e3o.\",\"breadcrumb\":{\"@id\":\"https:\\\/\\\/viavector.co\\\/pt-pt\\\/converter\\\/converter-png-em-vetor\\\/#breadcrumb\"},\"inLanguage\":\"pt-PT\",\"potentialAction\":[{\"@type\":\"ReadAction\",\"target\":[\"https:\\\/\\\/viavector.co\\\/pt-pt\\\/converter\\\/converter-png-em-vetor\\\/\"]}]},{\"@type\":\"ImageObject\",\"inLanguage\":\"pt-PT\",\"@id\":\"https:\\\/\\\/viavector.co\\\/pt-pt\\\/converter\\\/converter-png-em-vetor\\\/#primaryimage\",\"url\":\"https:\\\/\\\/viavector.co\\\/wp-content\\\/uploads\\\/2025\\\/06\\\/ViaVector-Vectorization-Service.jpg\",\"contentUrl\":\"https:\\\/\\\/viavector.co\\\/wp-content\\\/uploads\\\/2025\\\/06\\\/ViaVector-Vectorization-Service.jpg\",\"width\":1200,\"height\":800,\"caption\":\"ViaVector - Vectorization Service\"},{\"@type\":\"BreadcrumbList\",\"@id\":\"https:\\\/\\\/viavector.co\\\/pt-pt\\\/converter\\\/converter-png-em-vetor\\\/#breadcrumb\",\"itemListElement\":[{\"@type\":\"ListItem\",\"position\":1,\"name\":\"Home\",\"item\":\"https:\\\/\\\/viavector.co\\\/pt-pt\\\/\"},{\"@type\":\"ListItem\",\"position\":2,\"name\":\"Converter\",\"item\":\"https:\\\/\\\/viavector.co\\\/pt-pt\\\/converter\\\/\"},{\"@type\":\"ListItem\",\"position\":3,\"name\":\"Converter PNG em Vetor\"}]},{\"@type\":\"WebSite\",\"@id\":\"https:\\\/\\\/viavector.co\\\/pt-pt\\\/#website\",\"url\":\"https:\\\/\\\/viavector.co\\\/pt-pt\\\/\",\"name\":\"ViaVector\",\"description\":\"Vectorize Your Images for Razor-Sharp Printing\",\"publisher\":{\"@id\":\"https:\\\/\\\/viavector.co\\\/pt-pt\\\/#organization\"},\"potentialAction\":[{\"@type\":\"SearchAction\",\"target\":{\"@type\":\"EntryPoint\",\"urlTemplate\":\"https:\\\/\\\/viavector.co\\\/pt-pt\\\/?s={search_term_string}\"},\"query-input\":{\"@type\":\"PropertyValueSpecification\",\"valueRequired\":true,\"valueName\":\"search_term_string\"}}],\"inLanguage\":\"pt-PT\"},{\"@type\":\"Organization\",\"@id\":\"https:\\\/\\\/viavector.co\\\/pt-pt\\\/#organization\",\"name\":\"ViaVector\",\"url\":\"https:\\\/\\\/viavector.co\\\/pt-pt\\\/\",\"logo\":{\"@type\":\"ImageObject\",\"inLanguage\":\"pt-PT\",\"@id\":\"https:\\\/\\\/viavector.co\\\/pt-pt\\\/#\\\/schema\\\/logo\\\/image\\\/\",\"url\":\"https:\\\/\\\/viavector.co\\\/wp-content\\\/uploads\\\/2025\\\/06\\\/ViaVector-Icon-Orange-Check.jpg\",\"contentUrl\":\"https:\\\/\\\/viavector.co\\\/wp-content\\\/uploads\\\/2025\\\/06\\\/ViaVector-Icon-Orange-Check.jpg\",\"width\":1080,\"height\":1080,\"caption\":\"ViaVector\"},\"image\":{\"@id\":\"https:\\\/\\\/viavector.co\\\/pt-pt\\\/#\\\/schema\\\/logo\\\/image\\\/\"},\"sameAs\":[\"https:\\\/\\\/facebook.com\\\/ViaVectorDesign\",\"https:\\\/\\\/x.com\\\/ViaVector\",\"https:\\\/\\\/instagram.com\\\/viavectordesign\",\"https:\\\/\\\/linkedin.com\\\/company\\\/viavector\",\"https:\\\/\\\/pinterest.com\\\/ViaVectorDesign\",\"https:\\\/\\\/youtube.com\\\/@viavector\"]}]}<\/script>\n<!-- \/ Yoast SEO plugin. -->","yoast_head_json":{"title":"Converte PNG para Vetor | Ficheiros Vectoriais Limpos e Escal\u00e1veis","description":"Converte PNG para vetor com o nosso servi\u00e7o profissional. Obt\u00e9m ficheiros vectoriais n\u00edtidos e escal\u00e1veis a partir de qualquer imagem, perfeitos para log\u00f3tipos e projectos de impress\u00e3o.","robots":{"index":"index","follow":"follow","max-snippet":"max-snippet:-1","max-image-preview":"max-image-preview:large","max-video-preview":"max-video-preview:-1"},"canonical":"https:\/\/viavector.co\/pt-pt\/converter\/converter-png-em-vetor\/","og_locale":"pt_PT","og_type":"article","og_title":"Converte PNG para Vetor | Ficheiros Vectoriais Limpos e Escal\u00e1veis","og_description":"Converte PNG para vetor com o nosso servi\u00e7o profissional. Obt\u00e9m ficheiros vectoriais n\u00edtidos e escal\u00e1veis a partir de qualquer imagem, perfeitos para log\u00f3tipos e projectos de impress\u00e3o.","og_url":"https:\/\/viavector.co\/pt-pt\/converter\/converter-png-em-vetor\/","og_site_name":"ViaVector","article_publisher":"https:\/\/facebook.com\/ViaVectorDesign","article_modified_time":"2025-06-18T17:37:48+00:00","og_image":[{"width":1200,"height":800,"url":"https:\/\/viavector.co\/wp-content\/uploads\/2025\/06\/ViaVector-Vectorization-Service.jpg","type":"image\/jpeg"}],"twitter_card":"summary_large_image","twitter_site":"@ViaVector","schema":{"@context":"https:\/\/schema.org","@graph":[{"@type":"WebPage","@id":"https:\/\/viavector.co\/pt-pt\/converter\/converter-png-em-vetor\/","url":"https:\/\/viavector.co\/pt-pt\/converter\/converter-png-em-vetor\/","name":"Converte PNG para Vetor | Ficheiros Vectoriais Limpos e Escal\u00e1veis","isPartOf":{"@id":"https:\/\/viavector.co\/pt-pt\/#website"},"primaryImageOfPage":{"@id":"https:\/\/viavector.co\/pt-pt\/converter\/converter-png-em-vetor\/#primaryimage"},"image":{"@id":"https:\/\/viavector.co\/pt-pt\/converter\/converter-png-em-vetor\/#primaryimage"},"thumbnailUrl":"https:\/\/viavector.co\/wp-content\/uploads\/2025\/06\/ViaVector-Vectorization-Service.jpg","datePublished":"2025-06-12T11:55:11+00:00","dateModified":"2025-06-18T17:37:48+00:00","description":"Converte PNG para vetor com o nosso servi\u00e7o profissional. Obt\u00e9m ficheiros vectoriais n\u00edtidos e escal\u00e1veis a partir de qualquer imagem, perfeitos para log\u00f3tipos e projectos de impress\u00e3o.","breadcrumb":{"@id":"https:\/\/viavector.co\/pt-pt\/converter\/converter-png-em-vetor\/#breadcrumb"},"inLanguage":"pt-PT","potentialAction":[{"@type":"ReadAction","target":["https:\/\/viavector.co\/pt-pt\/converter\/converter-png-em-vetor\/"]}]},{"@type":"ImageObject","inLanguage":"pt-PT","@id":"https:\/\/viavector.co\/pt-pt\/converter\/converter-png-em-vetor\/#primaryimage","url":"https:\/\/viavector.co\/wp-content\/uploads\/2025\/06\/ViaVector-Vectorization-Service.jpg","contentUrl":"https:\/\/viavector.co\/wp-content\/uploads\/2025\/06\/ViaVector-Vectorization-Service.jpg","width":1200,"height":800,"caption":"ViaVector - Vectorization Service"},{"@type":"BreadcrumbList","@id":"https:\/\/viavector.co\/pt-pt\/converter\/converter-png-em-vetor\/#breadcrumb","itemListElement":[{"@type":"ListItem","position":1,"name":"Home","item":"https:\/\/viavector.co\/pt-pt\/"},{"@type":"ListItem","position":2,"name":"Converter","item":"https:\/\/viavector.co\/pt-pt\/converter\/"},{"@type":"ListItem","position":3,"name":"Converter PNG em Vetor"}]},{"@type":"WebSite","@id":"https:\/\/viavector.co\/pt-pt\/#website","url":"https:\/\/viavector.co\/pt-pt\/","name":"ViaVector","description":"Vectorize Your Images for Razor-Sharp Printing","publisher":{"@id":"https:\/\/viavector.co\/pt-pt\/#organization"},"potentialAction":[{"@type":"SearchAction","target":{"@type":"EntryPoint","urlTemplate":"https:\/\/viavector.co\/pt-pt\/?s={search_term_string}"},"query-input":{"@type":"PropertyValueSpecification","valueRequired":true,"valueName":"search_term_string"}}],"inLanguage":"pt-PT"},{"@type":"Organization","@id":"https:\/\/viavector.co\/pt-pt\/#organization","name":"ViaVector","url":"https:\/\/viavector.co\/pt-pt\/","logo":{"@type":"ImageObject","inLanguage":"pt-PT","@id":"https:\/\/viavector.co\/pt-pt\/#\/schema\/logo\/image\/","url":"https:\/\/viavector.co\/wp-content\/uploads\/2025\/06\/ViaVector-Icon-Orange-Check.jpg","contentUrl":"https:\/\/viavector.co\/wp-content\/uploads\/2025\/06\/ViaVector-Icon-Orange-Check.jpg","width":1080,"height":1080,"caption":"ViaVector"},"image":{"@id":"https:\/\/viavector.co\/pt-pt\/#\/schema\/logo\/image\/"},"sameAs":["https:\/\/facebook.com\/ViaVectorDesign","https:\/\/x.com\/ViaVector","https:\/\/instagram.com\/viavectordesign","https:\/\/linkedin.com\/company\/viavector","https:\/\/pinterest.com\/ViaVectorDesign","https:\/\/youtube.com\/@viavector"]}]}},"_links":{"self":[{"href":"https:\/\/viavector.co\/pt-pt\/wp-json\/wp\/v2\/pages\/39720","targetHints":{"allow":["GET"]}}],"collection":[{"href":"https:\/\/viavector.co\/pt-pt\/wp-json\/wp\/v2\/pages"}],"about":[{"href":"https:\/\/viavector.co\/pt-pt\/wp-json\/wp\/v2\/types\/page"}],"author":[{"embeddable":true,"href":"https:\/\/viavector.co\/pt-pt\/wp-json\/wp\/v2\/users\/2"}],"replies":[{"embeddable":true,"href":"https:\/\/viavector.co\/pt-pt\/wp-json\/wp\/v2\/comments?post=39720"}],"version-history":[{"count":1,"href":"https:\/\/viavector.co\/pt-pt\/wp-json\/wp\/v2\/pages\/39720\/revisions"}],"predecessor-version":[{"id":39798,"href":"https:\/\/viavector.co\/pt-pt\/wp-json\/wp\/v2\/pages\/39720\/revisions\/39798"}],"up":[{"embeddable":true,"href":"https:\/\/viavector.co\/pt-pt\/wp-json\/wp\/v2\/pages\/39796"}],"wp:featuredmedia":[{"embeddable":true,"href":"https:\/\/viavector.co\/pt-pt\/wp-json\/wp\/v2\/media\/39638"}],"wp:attachment":[{"href":"https:\/\/viavector.co\/pt-pt\/wp-json\/wp\/v2\/media?parent=39720"}],"curies":[{"name":"wp","href":"https:\/\/api.w.org\/{rel}","templated":true}]}}