{"id":39710,"date":"2025-06-12T12:04:56","date_gmt":"2025-06-12T12:04:56","guid":{"rendered":"https:\/\/viavector.co\/convertir-jpg-en-svg\/"},"modified":"2025-06-18T17:37:49","modified_gmt":"2025-06-18T17:37:49","slug":"convertir-jpg-en-svg","status":"publish","type":"page","link":"https:\/\/viavector.co\/fr\/convertir\/convertir-jpg-en-svg\/","title":{"rendered":"Convertir JPG en SVG"},"content":{"rendered":"","protected":false},"excerpt":{"rendered":"","protected":false},"author":2,"featured_media":39636,"parent":39812,"menu_order":0,"comment_status":"closed","ping_status":"closed","template":"","meta":{"footnotes":""},"class_list":["post-39710","page","type-page","status-publish","has-post-thumbnail","hentry"],"yoast_head":"<!-- This site is optimized with the Yoast SEO plugin v27.4 - https:\/\/yoast.com\/product\/yoast-seo-wordpress\/ -->\n<title>Convertir JPG en SVG | Vectorisation experte pour des r\u00e9sultats nets<\/title>\n<meta name=\"description\" content=\"Convertissez JPG en SVG avec pr\u00e9cision. Nos designers cr\u00e9ent des fichiers SVG propres et \u00e9volutifs \u00e0 partir de n&#039;importe quelle image, id\u00e9aux pour le web, l&#039;impression ou la d\u00e9coupe laser.\" \/>\n<meta name=\"robots\" content=\"index, follow, max-snippet:-1, max-image-preview:large, max-video-preview:-1\" \/>\n<link rel=\"canonical\" href=\"https:\/\/viavector.co\/fr\/convertir\/convertir-jpg-en-svg\/\" \/>\n<meta property=\"og:locale\" content=\"fr_FR\" \/>\n<meta property=\"og:type\" content=\"article\" \/>\n<meta property=\"og:title\" content=\"Convertir JPG en SVG | Vectorisation experte pour des r\u00e9sultats nets\" \/>\n<meta property=\"og:description\" content=\"Convertissez JPG en SVG avec pr\u00e9cision. Nos designers cr\u00e9ent des fichiers SVG propres et \u00e9volutifs \u00e0 partir de n&#039;importe quelle image, id\u00e9aux pour le web, l&#039;impression ou la d\u00e9coupe laser.\" \/>\n<meta property=\"og:url\" content=\"https:\/\/viavector.co\/fr\/convertir\/convertir-jpg-en-svg\/\" \/>\n<meta property=\"og:site_name\" content=\"ViaVector\" \/>\n<meta property=\"article:publisher\" content=\"https:\/\/facebook.com\/ViaVectorDesign\" \/>\n<meta property=\"article:modified_time\" content=\"2025-06-18T17:37:49+00:00\" \/>\n<meta property=\"og:image\" content=\"https:\/\/viavector.co\/wp-content\/uploads\/2025\/06\/ViaVector-Vectorization-Service.jpg\" \/>\n\t<meta property=\"og:image:width\" content=\"1200\" \/>\n\t<meta property=\"og:image:height\" content=\"800\" \/>\n\t<meta property=\"og:image:type\" content=\"image\/jpeg\" \/>\n<meta name=\"twitter:card\" content=\"summary_large_image\" \/>\n<meta name=\"twitter:site\" content=\"@ViaVector\" \/>\n<script type=\"application\/ld+json\" class=\"yoast-schema-graph\">{\"@context\":\"https:\\\/\\\/schema.org\",\"@graph\":[{\"@type\":\"WebPage\",\"@id\":\"https:\\\/\\\/viavector.co\\\/fr\\\/convertir\\\/convertir-jpg-en-svg\\\/\",\"url\":\"https:\\\/\\\/viavector.co\\\/fr\\\/convertir\\\/convertir-jpg-en-svg\\\/\",\"name\":\"Convertir JPG en SVG | Vectorisation experte pour des r\u00e9sultats nets\",\"isPartOf\":{\"@id\":\"https:\\\/\\\/viavector.co\\\/fr\\\/#website\"},\"primaryImageOfPage\":{\"@id\":\"https:\\\/\\\/viavector.co\\\/fr\\\/convertir\\\/convertir-jpg-en-svg\\\/#primaryimage\"},\"image\":{\"@id\":\"https:\\\/\\\/viavector.co\\\/fr\\\/convertir\\\/convertir-jpg-en-svg\\\/#primaryimage\"},\"thumbnailUrl\":\"https:\\\/\\\/viavector.co\\\/wp-content\\\/uploads\\\/2025\\\/06\\\/ViaVector-Vectorization-Service.jpg\",\"datePublished\":\"2025-06-12T12:04:56+00:00\",\"dateModified\":\"2025-06-18T17:37:49+00:00\",\"description\":\"Convertissez JPG en SVG avec pr\u00e9cision. Nos designers cr\u00e9ent des fichiers SVG propres et \u00e9volutifs \u00e0 partir de n'importe quelle image, id\u00e9aux pour le web, l'impression ou la d\u00e9coupe laser.\",\"breadcrumb\":{\"@id\":\"https:\\\/\\\/viavector.co\\\/fr\\\/convertir\\\/convertir-jpg-en-svg\\\/#breadcrumb\"},\"inLanguage\":\"fr-FR\",\"potentialAction\":[{\"@type\":\"ReadAction\",\"target\":[\"https:\\\/\\\/viavector.co\\\/fr\\\/convertir\\\/convertir-jpg-en-svg\\\/\"]}]},{\"@type\":\"ImageObject\",\"inLanguage\":\"fr-FR\",\"@id\":\"https:\\\/\\\/viavector.co\\\/fr\\\/convertir\\\/convertir-jpg-en-svg\\\/#primaryimage\",\"url\":\"https:\\\/\\\/viavector.co\\\/wp-content\\\/uploads\\\/2025\\\/06\\\/ViaVector-Vectorization-Service.jpg\",\"contentUrl\":\"https:\\\/\\\/viavector.co\\\/wp-content\\\/uploads\\\/2025\\\/06\\\/ViaVector-Vectorization-Service.jpg\",\"width\":1200,\"height\":800,\"caption\":\"ViaVector - Vectorization Service\"},{\"@type\":\"BreadcrumbList\",\"@id\":\"https:\\\/\\\/viavector.co\\\/fr\\\/convertir\\\/convertir-jpg-en-svg\\\/#breadcrumb\",\"itemListElement\":[{\"@type\":\"ListItem\",\"position\":1,\"name\":\"Home\",\"item\":\"https:\\\/\\\/viavector.co\\\/fr\\\/\"},{\"@type\":\"ListItem\",\"position\":2,\"name\":\"Convertir\",\"item\":\"https:\\\/\\\/viavector.co\\\/fr\\\/convertir\\\/\"},{\"@type\":\"ListItem\",\"position\":3,\"name\":\"Convertir JPG en SVG\"}]},{\"@type\":\"WebSite\",\"@id\":\"https:\\\/\\\/viavector.co\\\/fr\\\/#website\",\"url\":\"https:\\\/\\\/viavector.co\\\/fr\\\/\",\"name\":\"ViaVector\",\"description\":\"Vectorize Your Images for Razor-Sharp Printing\",\"publisher\":{\"@id\":\"https:\\\/\\\/viavector.co\\\/fr\\\/#organization\"},\"potentialAction\":[{\"@type\":\"SearchAction\",\"target\":{\"@type\":\"EntryPoint\",\"urlTemplate\":\"https:\\\/\\\/viavector.co\\\/fr\\\/?s={search_term_string}\"},\"query-input\":{\"@type\":\"PropertyValueSpecification\",\"valueRequired\":true,\"valueName\":\"search_term_string\"}}],\"inLanguage\":\"fr-FR\"},{\"@type\":\"Organization\",\"@id\":\"https:\\\/\\\/viavector.co\\\/fr\\\/#organization\",\"name\":\"ViaVector\",\"url\":\"https:\\\/\\\/viavector.co\\\/fr\\\/\",\"logo\":{\"@type\":\"ImageObject\",\"inLanguage\":\"fr-FR\",\"@id\":\"https:\\\/\\\/viavector.co\\\/fr\\\/#\\\/schema\\\/logo\\\/image\\\/\",\"url\":\"https:\\\/\\\/viavector.co\\\/wp-content\\\/uploads\\\/2025\\\/06\\\/ViaVector-Icon-Orange-Check.jpg\",\"contentUrl\":\"https:\\\/\\\/viavector.co\\\/wp-content\\\/uploads\\\/2025\\\/06\\\/ViaVector-Icon-Orange-Check.jpg\",\"width\":1080,\"height\":1080,\"caption\":\"ViaVector\"},\"image\":{\"@id\":\"https:\\\/\\\/viavector.co\\\/fr\\\/#\\\/schema\\\/logo\\\/image\\\/\"},\"sameAs\":[\"https:\\\/\\\/facebook.com\\\/ViaVectorDesign\",\"https:\\\/\\\/x.com\\\/ViaVector\",\"https:\\\/\\\/instagram.com\\\/viavectordesign\",\"https:\\\/\\\/linkedin.com\\\/company\\\/viavector\",\"https:\\\/\\\/pinterest.com\\\/ViaVectorDesign\",\"https:\\\/\\\/youtube.com\\\/@viavector\"]}]}<\/script>\n<!-- \/ Yoast SEO plugin. -->","yoast_head_json":{"title":"Convertir JPG en SVG | Vectorisation experte pour des r\u00e9sultats nets","description":"Convertissez JPG en SVG avec pr\u00e9cision. Nos designers cr\u00e9ent des fichiers SVG propres et \u00e9volutifs \u00e0 partir de n'importe quelle image, id\u00e9aux pour le web, l'impression ou la d\u00e9coupe laser.","robots":{"index":"index","follow":"follow","max-snippet":"max-snippet:-1","max-image-preview":"max-image-preview:large","max-video-preview":"max-video-preview:-1"},"canonical":"https:\/\/viavector.co\/fr\/convertir\/convertir-jpg-en-svg\/","og_locale":"fr_FR","og_type":"article","og_title":"Convertir JPG en SVG | Vectorisation experte pour des r\u00e9sultats nets","og_description":"Convertissez JPG en SVG avec pr\u00e9cision. Nos designers cr\u00e9ent des fichiers SVG propres et \u00e9volutifs \u00e0 partir de n'importe quelle image, id\u00e9aux pour le web, l'impression ou la d\u00e9coupe laser.","og_url":"https:\/\/viavector.co\/fr\/convertir\/convertir-jpg-en-svg\/","og_site_name":"ViaVector","article_publisher":"https:\/\/facebook.com\/ViaVectorDesign","article_modified_time":"2025-06-18T17:37:49+00:00","og_image":[{"width":1200,"height":800,"url":"https:\/\/viavector.co\/wp-content\/uploads\/2025\/06\/ViaVector-Vectorization-Service.jpg","type":"image\/jpeg"}],"twitter_card":"summary_large_image","twitter_site":"@ViaVector","schema":{"@context":"https:\/\/schema.org","@graph":[{"@type":"WebPage","@id":"https:\/\/viavector.co\/fr\/convertir\/convertir-jpg-en-svg\/","url":"https:\/\/viavector.co\/fr\/convertir\/convertir-jpg-en-svg\/","name":"Convertir JPG en SVG | Vectorisation experte pour des r\u00e9sultats nets","isPartOf":{"@id":"https:\/\/viavector.co\/fr\/#website"},"primaryImageOfPage":{"@id":"https:\/\/viavector.co\/fr\/convertir\/convertir-jpg-en-svg\/#primaryimage"},"image":{"@id":"https:\/\/viavector.co\/fr\/convertir\/convertir-jpg-en-svg\/#primaryimage"},"thumbnailUrl":"https:\/\/viavector.co\/wp-content\/uploads\/2025\/06\/ViaVector-Vectorization-Service.jpg","datePublished":"2025-06-12T12:04:56+00:00","dateModified":"2025-06-18T17:37:49+00:00","description":"Convertissez JPG en SVG avec pr\u00e9cision. Nos designers cr\u00e9ent des fichiers SVG propres et \u00e9volutifs \u00e0 partir de n'importe quelle image, id\u00e9aux pour le web, l'impression ou la d\u00e9coupe laser.","breadcrumb":{"@id":"https:\/\/viavector.co\/fr\/convertir\/convertir-jpg-en-svg\/#breadcrumb"},"inLanguage":"fr-FR","potentialAction":[{"@type":"ReadAction","target":["https:\/\/viavector.co\/fr\/convertir\/convertir-jpg-en-svg\/"]}]},{"@type":"ImageObject","inLanguage":"fr-FR","@id":"https:\/\/viavector.co\/fr\/convertir\/convertir-jpg-en-svg\/#primaryimage","url":"https:\/\/viavector.co\/wp-content\/uploads\/2025\/06\/ViaVector-Vectorization-Service.jpg","contentUrl":"https:\/\/viavector.co\/wp-content\/uploads\/2025\/06\/ViaVector-Vectorization-Service.jpg","width":1200,"height":800,"caption":"ViaVector - Vectorization Service"},{"@type":"BreadcrumbList","@id":"https:\/\/viavector.co\/fr\/convertir\/convertir-jpg-en-svg\/#breadcrumb","itemListElement":[{"@type":"ListItem","position":1,"name":"Home","item":"https:\/\/viavector.co\/fr\/"},{"@type":"ListItem","position":2,"name":"Convertir","item":"https:\/\/viavector.co\/fr\/convertir\/"},{"@type":"ListItem","position":3,"name":"Convertir JPG en SVG"}]},{"@type":"WebSite","@id":"https:\/\/viavector.co\/fr\/#website","url":"https:\/\/viavector.co\/fr\/","name":"ViaVector","description":"Vectorize Your Images for Razor-Sharp Printing","publisher":{"@id":"https:\/\/viavector.co\/fr\/#organization"},"potentialAction":[{"@type":"SearchAction","target":{"@type":"EntryPoint","urlTemplate":"https:\/\/viavector.co\/fr\/?s={search_term_string}"},"query-input":{"@type":"PropertyValueSpecification","valueRequired":true,"valueName":"search_term_string"}}],"inLanguage":"fr-FR"},{"@type":"Organization","@id":"https:\/\/viavector.co\/fr\/#organization","name":"ViaVector","url":"https:\/\/viavector.co\/fr\/","logo":{"@type":"ImageObject","inLanguage":"fr-FR","@id":"https:\/\/viavector.co\/fr\/#\/schema\/logo\/image\/","url":"https:\/\/viavector.co\/wp-content\/uploads\/2025\/06\/ViaVector-Icon-Orange-Check.jpg","contentUrl":"https:\/\/viavector.co\/wp-content\/uploads\/2025\/06\/ViaVector-Icon-Orange-Check.jpg","width":1080,"height":1080,"caption":"ViaVector"},"image":{"@id":"https:\/\/viavector.co\/fr\/#\/schema\/logo\/image\/"},"sameAs":["https:\/\/facebook.com\/ViaVectorDesign","https:\/\/x.com\/ViaVector","https:\/\/instagram.com\/viavectordesign","https:\/\/linkedin.com\/company\/viavector","https:\/\/pinterest.com\/ViaVectorDesign","https:\/\/youtube.com\/@viavector"]}]}},"_links":{"self":[{"href":"https:\/\/viavector.co\/fr\/wp-json\/wp\/v2\/pages\/39710","targetHints":{"allow":["GET"]}}],"collection":[{"href":"https:\/\/viavector.co\/fr\/wp-json\/wp\/v2\/pages"}],"about":[{"href":"https:\/\/viavector.co\/fr\/wp-json\/wp\/v2\/types\/page"}],"author":[{"embeddable":true,"href":"https:\/\/viavector.co\/fr\/wp-json\/wp\/v2\/users\/2"}],"replies":[{"embeddable":true,"href":"https:\/\/viavector.co\/fr\/wp-json\/wp\/v2\/comments?post=39710"}],"version-history":[{"count":1,"href":"https:\/\/viavector.co\/fr\/wp-json\/wp\/v2\/pages\/39710\/revisions"}],"predecessor-version":[{"id":39816,"href":"https:\/\/viavector.co\/fr\/wp-json\/wp\/v2\/pages\/39710\/revisions\/39816"}],"up":[{"embeddable":true,"href":"https:\/\/viavector.co\/fr\/wp-json\/wp\/v2\/pages\/39812"}],"wp:featuredmedia":[{"embeddable":true,"href":"https:\/\/viavector.co\/fr\/wp-json\/wp\/v2\/media\/39636"}],"wp:attachment":[{"href":"https:\/\/viavector.co\/fr\/wp-json\/wp\/v2\/media?parent=39710"}],"curies":[{"name":"wp","href":"https:\/\/api.w.org\/{rel}","templated":true}]}}