{"id":39707,"date":"2025-06-12T12:07:27","date_gmt":"2025-06-12T12:07:27","guid":{"rendered":"https:\/\/viavector.co\/convertir-png-en-eps\/"},"modified":"2025-06-18T17:37:49","modified_gmt":"2025-06-18T17:37:49","slug":"convertir-png-en-eps","status":"publish","type":"page","link":"https:\/\/viavector.co\/fr\/convertir\/convertir-png-en-eps\/","title":{"rendered":"Convertir PNG en EPS"},"content":{"rendered":"","protected":false},"excerpt":{"rendered":"","protected":false},"author":2,"featured_media":39636,"parent":39812,"menu_order":0,"comment_status":"closed","ping_status":"closed","template":"","meta":{"footnotes":""},"class_list":["post-39707","page","type-page","status-publish","has-post-thumbnail","hentry"],"yoast_head":"<!-- This site is optimized with the Yoast SEO plugin v27.4 - https:\/\/yoast.com\/product\/yoast-seo-wordpress\/ -->\n<title>Convertissez PNG en EPS | Fichiers vectoriels pr\u00e9cis et pr\u00eats \u00e0 imprimer<\/title>\n<meta name=\"description\" content=\"Convertissez des images PNG en EPS gr\u00e2ce \u00e0 notre service expert de vectorisation. Obtenez des fichiers EPS propres, \u00e9volutifs et pr\u00eats \u00e0 imprimer \u00e0 partir de n&#039;importe quelle image.\" \/>\n<meta name=\"robots\" content=\"index, follow, max-snippet:-1, max-image-preview:large, max-video-preview:-1\" \/>\n<link rel=\"canonical\" href=\"https:\/\/viavector.co\/fr\/convertir\/convertir-png-en-eps\/\" \/>\n<meta property=\"og:locale\" content=\"fr_FR\" \/>\n<meta property=\"og:type\" content=\"article\" \/>\n<meta property=\"og:title\" content=\"Convertissez PNG en EPS | Fichiers vectoriels pr\u00e9cis et pr\u00eats \u00e0 imprimer\" \/>\n<meta property=\"og:description\" content=\"Convertissez des images PNG en EPS gr\u00e2ce \u00e0 notre service expert de vectorisation. Obtenez des fichiers EPS propres, \u00e9volutifs et pr\u00eats \u00e0 imprimer \u00e0 partir de n&#039;importe quelle image.\" \/>\n<meta property=\"og:url\" content=\"https:\/\/viavector.co\/fr\/convertir\/convertir-png-en-eps\/\" \/>\n<meta property=\"og:site_name\" content=\"ViaVector\" \/>\n<meta property=\"article:publisher\" content=\"https:\/\/facebook.com\/ViaVectorDesign\" \/>\n<meta property=\"article:modified_time\" content=\"2025-06-18T17:37:49+00:00\" \/>\n<meta property=\"og:image\" content=\"https:\/\/viavector.co\/wp-content\/uploads\/2025\/06\/ViaVector-Vectorization-Service.jpg\" \/>\n\t<meta property=\"og:image:width\" content=\"1200\" \/>\n\t<meta property=\"og:image:height\" content=\"800\" \/>\n\t<meta property=\"og:image:type\" content=\"image\/jpeg\" \/>\n<meta name=\"twitter:card\" content=\"summary_large_image\" \/>\n<meta name=\"twitter:site\" content=\"@ViaVector\" \/>\n<script type=\"application\/ld+json\" class=\"yoast-schema-graph\">{\"@context\":\"https:\\\/\\\/schema.org\",\"@graph\":[{\"@type\":\"WebPage\",\"@id\":\"https:\\\/\\\/viavector.co\\\/fr\\\/convertir\\\/convertir-png-en-eps\\\/\",\"url\":\"https:\\\/\\\/viavector.co\\\/fr\\\/convertir\\\/convertir-png-en-eps\\\/\",\"name\":\"Convertissez PNG en EPS | Fichiers vectoriels pr\u00e9cis et pr\u00eats \u00e0 imprimer\",\"isPartOf\":{\"@id\":\"https:\\\/\\\/viavector.co\\\/fr\\\/#website\"},\"primaryImageOfPage\":{\"@id\":\"https:\\\/\\\/viavector.co\\\/fr\\\/convertir\\\/convertir-png-en-eps\\\/#primaryimage\"},\"image\":{\"@id\":\"https:\\\/\\\/viavector.co\\\/fr\\\/convertir\\\/convertir-png-en-eps\\\/#primaryimage\"},\"thumbnailUrl\":\"https:\\\/\\\/viavector.co\\\/wp-content\\\/uploads\\\/2025\\\/06\\\/ViaVector-Vectorization-Service.jpg\",\"datePublished\":\"2025-06-12T12:07:27+00:00\",\"dateModified\":\"2025-06-18T17:37:49+00:00\",\"description\":\"Convertissez des images PNG en EPS gr\u00e2ce \u00e0 notre service expert de vectorisation. Obtenez des fichiers EPS propres, \u00e9volutifs et pr\u00eats \u00e0 imprimer \u00e0 partir de n'importe quelle image.\",\"breadcrumb\":{\"@id\":\"https:\\\/\\\/viavector.co\\\/fr\\\/convertir\\\/convertir-png-en-eps\\\/#breadcrumb\"},\"inLanguage\":\"fr-FR\",\"potentialAction\":[{\"@type\":\"ReadAction\",\"target\":[\"https:\\\/\\\/viavector.co\\\/fr\\\/convertir\\\/convertir-png-en-eps\\\/\"]}]},{\"@type\":\"ImageObject\",\"inLanguage\":\"fr-FR\",\"@id\":\"https:\\\/\\\/viavector.co\\\/fr\\\/convertir\\\/convertir-png-en-eps\\\/#primaryimage\",\"url\":\"https:\\\/\\\/viavector.co\\\/wp-content\\\/uploads\\\/2025\\\/06\\\/ViaVector-Vectorization-Service.jpg\",\"contentUrl\":\"https:\\\/\\\/viavector.co\\\/wp-content\\\/uploads\\\/2025\\\/06\\\/ViaVector-Vectorization-Service.jpg\",\"width\":1200,\"height\":800,\"caption\":\"ViaVector - Vectorization Service\"},{\"@type\":\"BreadcrumbList\",\"@id\":\"https:\\\/\\\/viavector.co\\\/fr\\\/convertir\\\/convertir-png-en-eps\\\/#breadcrumb\",\"itemListElement\":[{\"@type\":\"ListItem\",\"position\":1,\"name\":\"Home\",\"item\":\"https:\\\/\\\/viavector.co\\\/fr\\\/\"},{\"@type\":\"ListItem\",\"position\":2,\"name\":\"Convertir\",\"item\":\"https:\\\/\\\/viavector.co\\\/fr\\\/convertir\\\/\"},{\"@type\":\"ListItem\",\"position\":3,\"name\":\"Convertir PNG en EPS\"}]},{\"@type\":\"WebSite\",\"@id\":\"https:\\\/\\\/viavector.co\\\/fr\\\/#website\",\"url\":\"https:\\\/\\\/viavector.co\\\/fr\\\/\",\"name\":\"ViaVector\",\"description\":\"Vectorize Your Images for Razor-Sharp Printing\",\"publisher\":{\"@id\":\"https:\\\/\\\/viavector.co\\\/fr\\\/#organization\"},\"potentialAction\":[{\"@type\":\"SearchAction\",\"target\":{\"@type\":\"EntryPoint\",\"urlTemplate\":\"https:\\\/\\\/viavector.co\\\/fr\\\/?s={search_term_string}\"},\"query-input\":{\"@type\":\"PropertyValueSpecification\",\"valueRequired\":true,\"valueName\":\"search_term_string\"}}],\"inLanguage\":\"fr-FR\"},{\"@type\":\"Organization\",\"@id\":\"https:\\\/\\\/viavector.co\\\/fr\\\/#organization\",\"name\":\"ViaVector\",\"url\":\"https:\\\/\\\/viavector.co\\\/fr\\\/\",\"logo\":{\"@type\":\"ImageObject\",\"inLanguage\":\"fr-FR\",\"@id\":\"https:\\\/\\\/viavector.co\\\/fr\\\/#\\\/schema\\\/logo\\\/image\\\/\",\"url\":\"https:\\\/\\\/viavector.co\\\/wp-content\\\/uploads\\\/2025\\\/06\\\/ViaVector-Icon-Orange-Check.jpg\",\"contentUrl\":\"https:\\\/\\\/viavector.co\\\/wp-content\\\/uploads\\\/2025\\\/06\\\/ViaVector-Icon-Orange-Check.jpg\",\"width\":1080,\"height\":1080,\"caption\":\"ViaVector\"},\"image\":{\"@id\":\"https:\\\/\\\/viavector.co\\\/fr\\\/#\\\/schema\\\/logo\\\/image\\\/\"},\"sameAs\":[\"https:\\\/\\\/facebook.com\\\/ViaVectorDesign\",\"https:\\\/\\\/x.com\\\/ViaVector\",\"https:\\\/\\\/instagram.com\\\/viavectordesign\",\"https:\\\/\\\/linkedin.com\\\/company\\\/viavector\",\"https:\\\/\\\/pinterest.com\\\/ViaVectorDesign\",\"https:\\\/\\\/youtube.com\\\/@viavector\"]}]}<\/script>\n<!-- \/ Yoast SEO plugin. -->","yoast_head_json":{"title":"Convertissez PNG en EPS | Fichiers vectoriels pr\u00e9cis et pr\u00eats \u00e0 imprimer","description":"Convertissez des images PNG en EPS gr\u00e2ce \u00e0 notre service expert de vectorisation. Obtenez des fichiers EPS propres, \u00e9volutifs et pr\u00eats \u00e0 imprimer \u00e0 partir de n'importe quelle image.","robots":{"index":"index","follow":"follow","max-snippet":"max-snippet:-1","max-image-preview":"max-image-preview:large","max-video-preview":"max-video-preview:-1"},"canonical":"https:\/\/viavector.co\/fr\/convertir\/convertir-png-en-eps\/","og_locale":"fr_FR","og_type":"article","og_title":"Convertissez PNG en EPS | Fichiers vectoriels pr\u00e9cis et pr\u00eats \u00e0 imprimer","og_description":"Convertissez des images PNG en EPS gr\u00e2ce \u00e0 notre service expert de vectorisation. Obtenez des fichiers EPS propres, \u00e9volutifs et pr\u00eats \u00e0 imprimer \u00e0 partir de n'importe quelle image.","og_url":"https:\/\/viavector.co\/fr\/convertir\/convertir-png-en-eps\/","og_site_name":"ViaVector","article_publisher":"https:\/\/facebook.com\/ViaVectorDesign","article_modified_time":"2025-06-18T17:37:49+00:00","og_image":[{"width":1200,"height":800,"url":"https:\/\/viavector.co\/wp-content\/uploads\/2025\/06\/ViaVector-Vectorization-Service.jpg","type":"image\/jpeg"}],"twitter_card":"summary_large_image","twitter_site":"@ViaVector","schema":{"@context":"https:\/\/schema.org","@graph":[{"@type":"WebPage","@id":"https:\/\/viavector.co\/fr\/convertir\/convertir-png-en-eps\/","url":"https:\/\/viavector.co\/fr\/convertir\/convertir-png-en-eps\/","name":"Convertissez PNG en EPS | Fichiers vectoriels pr\u00e9cis et pr\u00eats \u00e0 imprimer","isPartOf":{"@id":"https:\/\/viavector.co\/fr\/#website"},"primaryImageOfPage":{"@id":"https:\/\/viavector.co\/fr\/convertir\/convertir-png-en-eps\/#primaryimage"},"image":{"@id":"https:\/\/viavector.co\/fr\/convertir\/convertir-png-en-eps\/#primaryimage"},"thumbnailUrl":"https:\/\/viavector.co\/wp-content\/uploads\/2025\/06\/ViaVector-Vectorization-Service.jpg","datePublished":"2025-06-12T12:07:27+00:00","dateModified":"2025-06-18T17:37:49+00:00","description":"Convertissez des images PNG en EPS gr\u00e2ce \u00e0 notre service expert de vectorisation. Obtenez des fichiers EPS propres, \u00e9volutifs et pr\u00eats \u00e0 imprimer \u00e0 partir de n'importe quelle image.","breadcrumb":{"@id":"https:\/\/viavector.co\/fr\/convertir\/convertir-png-en-eps\/#breadcrumb"},"inLanguage":"fr-FR","potentialAction":[{"@type":"ReadAction","target":["https:\/\/viavector.co\/fr\/convertir\/convertir-png-en-eps\/"]}]},{"@type":"ImageObject","inLanguage":"fr-FR","@id":"https:\/\/viavector.co\/fr\/convertir\/convertir-png-en-eps\/#primaryimage","url":"https:\/\/viavector.co\/wp-content\/uploads\/2025\/06\/ViaVector-Vectorization-Service.jpg","contentUrl":"https:\/\/viavector.co\/wp-content\/uploads\/2025\/06\/ViaVector-Vectorization-Service.jpg","width":1200,"height":800,"caption":"ViaVector - Vectorization Service"},{"@type":"BreadcrumbList","@id":"https:\/\/viavector.co\/fr\/convertir\/convertir-png-en-eps\/#breadcrumb","itemListElement":[{"@type":"ListItem","position":1,"name":"Home","item":"https:\/\/viavector.co\/fr\/"},{"@type":"ListItem","position":2,"name":"Convertir","item":"https:\/\/viavector.co\/fr\/convertir\/"},{"@type":"ListItem","position":3,"name":"Convertir PNG en EPS"}]},{"@type":"WebSite","@id":"https:\/\/viavector.co\/fr\/#website","url":"https:\/\/viavector.co\/fr\/","name":"ViaVector","description":"Vectorize Your Images for Razor-Sharp Printing","publisher":{"@id":"https:\/\/viavector.co\/fr\/#organization"},"potentialAction":[{"@type":"SearchAction","target":{"@type":"EntryPoint","urlTemplate":"https:\/\/viavector.co\/fr\/?s={search_term_string}"},"query-input":{"@type":"PropertyValueSpecification","valueRequired":true,"valueName":"search_term_string"}}],"inLanguage":"fr-FR"},{"@type":"Organization","@id":"https:\/\/viavector.co\/fr\/#organization","name":"ViaVector","url":"https:\/\/viavector.co\/fr\/","logo":{"@type":"ImageObject","inLanguage":"fr-FR","@id":"https:\/\/viavector.co\/fr\/#\/schema\/logo\/image\/","url":"https:\/\/viavector.co\/wp-content\/uploads\/2025\/06\/ViaVector-Icon-Orange-Check.jpg","contentUrl":"https:\/\/viavector.co\/wp-content\/uploads\/2025\/06\/ViaVector-Icon-Orange-Check.jpg","width":1080,"height":1080,"caption":"ViaVector"},"image":{"@id":"https:\/\/viavector.co\/fr\/#\/schema\/logo\/image\/"},"sameAs":["https:\/\/facebook.com\/ViaVectorDesign","https:\/\/x.com\/ViaVector","https:\/\/instagram.com\/viavectordesign","https:\/\/linkedin.com\/company\/viavector","https:\/\/pinterest.com\/ViaVectorDesign","https:\/\/youtube.com\/@viavector"]}]}},"_links":{"self":[{"href":"https:\/\/viavector.co\/fr\/wp-json\/wp\/v2\/pages\/39707","targetHints":{"allow":["GET"]}}],"collection":[{"href":"https:\/\/viavector.co\/fr\/wp-json\/wp\/v2\/pages"}],"about":[{"href":"https:\/\/viavector.co\/fr\/wp-json\/wp\/v2\/types\/page"}],"author":[{"embeddable":true,"href":"https:\/\/viavector.co\/fr\/wp-json\/wp\/v2\/users\/2"}],"replies":[{"embeddable":true,"href":"https:\/\/viavector.co\/fr\/wp-json\/wp\/v2\/comments?post=39707"}],"version-history":[{"count":1,"href":"https:\/\/viavector.co\/fr\/wp-json\/wp\/v2\/pages\/39707\/revisions"}],"predecessor-version":[{"id":39819,"href":"https:\/\/viavector.co\/fr\/wp-json\/wp\/v2\/pages\/39707\/revisions\/39819"}],"up":[{"embeddable":true,"href":"https:\/\/viavector.co\/fr\/wp-json\/wp\/v2\/pages\/39812"}],"wp:featuredmedia":[{"embeddable":true,"href":"https:\/\/viavector.co\/fr\/wp-json\/wp\/v2\/media\/39636"}],"wp:attachment":[{"href":"https:\/\/viavector.co\/fr\/wp-json\/wp\/v2\/media?parent=39707"}],"curies":[{"name":"wp","href":"https:\/\/api.w.org\/{rel}","templated":true}]}}