{"id":39701,"date":"2025-06-12T12:04:56","date_gmt":"2025-06-12T12:04:56","guid":{"rendered":"https:\/\/viavector.co\/jpg-in-svg-konvertieren\/"},"modified":"2025-06-19T12:12:47","modified_gmt":"2025-06-19T12:12:47","slug":"jpg-in-svg-umwandeln","status":"publish","type":"page","link":"https:\/\/viavector.co\/de\/konvertieren\/jpg-in-svg-umwandeln\/","title":{"rendered":"JPG in SVG umwandeln"},"content":{"rendered":"","protected":false},"excerpt":{"rendered":"","protected":false},"author":2,"featured_media":39637,"parent":39804,"menu_order":0,"comment_status":"closed","ping_status":"closed","template":"","meta":{"footnotes":""},"class_list":["post-39701","page","type-page","status-publish","has-post-thumbnail","hentry"],"yoast_head":"<!-- This site is optimized with the Yoast SEO plugin v27.4 - https:\/\/yoast.com\/product\/yoast-seo-wordpress\/ -->\n<title>JPG in SVG umwandeln | Experten-Vektorisierung f\u00fcr gestochen scharfe Ergebnisse<\/title>\n<meta name=\"description\" content=\"Konvertieren Sie JPG in SVG mit Pr\u00e4zision. Unsere Designer erstellen aus jedem Bild saubere, skalierbare SVG-Dateien, die sich ideal f\u00fcr Web, Druck oder Laserschneiden eignen.\" \/>\n<meta name=\"robots\" content=\"index, follow, max-snippet:-1, max-image-preview:large, max-video-preview:-1\" \/>\n<link rel=\"canonical\" href=\"https:\/\/viavector.co\/de\/konvertieren\/jpg-in-svg-umwandeln\/\" \/>\n<meta property=\"og:locale\" content=\"de_DE\" \/>\n<meta property=\"og:type\" content=\"article\" \/>\n<meta property=\"og:title\" content=\"JPG in SVG umwandeln | Experten-Vektorisierung f\u00fcr gestochen scharfe Ergebnisse\" \/>\n<meta property=\"og:description\" content=\"Konvertieren Sie JPG in SVG mit Pr\u00e4zision. Unsere Designer erstellen aus jedem Bild saubere, skalierbare SVG-Dateien, die sich ideal f\u00fcr Web, Druck oder Laserschneiden eignen.\" \/>\n<meta property=\"og:url\" content=\"https:\/\/viavector.co\/de\/konvertieren\/jpg-in-svg-umwandeln\/\" \/>\n<meta property=\"og:site_name\" content=\"ViaVector\" \/>\n<meta property=\"article:publisher\" content=\"https:\/\/facebook.com\/ViaVectorDesign\" \/>\n<meta property=\"article:modified_time\" content=\"2025-06-19T12:12:47+00:00\" \/>\n<meta property=\"og:image\" content=\"https:\/\/viavector.co\/wp-content\/uploads\/2025\/06\/ViaVector-Vectorization-Service.jpg\" \/>\n\t<meta property=\"og:image:width\" content=\"1200\" \/>\n\t<meta property=\"og:image:height\" content=\"800\" \/>\n\t<meta property=\"og:image:type\" content=\"image\/jpeg\" \/>\n<meta name=\"twitter:card\" content=\"summary_large_image\" \/>\n<meta name=\"twitter:site\" content=\"@ViaVector\" \/>\n<meta name=\"twitter:label1\" content=\"Gesch\u00e4tzte Lesezeit\" \/>\n\t<meta name=\"twitter:data1\" content=\"1\u00a0Minute\" \/>\n<script type=\"application\/ld+json\" class=\"yoast-schema-graph\">{\"@context\":\"https:\\\/\\\/schema.org\",\"@graph\":[{\"@type\":\"WebPage\",\"@id\":\"https:\\\/\\\/viavector.co\\\/de\\\/konvertieren\\\/jpg-in-svg-umwandeln\\\/\",\"url\":\"https:\\\/\\\/viavector.co\\\/de\\\/konvertieren\\\/jpg-in-svg-umwandeln\\\/\",\"name\":\"JPG in SVG umwandeln | Experten-Vektorisierung f\u00fcr gestochen scharfe Ergebnisse\",\"isPartOf\":{\"@id\":\"https:\\\/\\\/viavector.co\\\/de\\\/#website\"},\"primaryImageOfPage\":{\"@id\":\"https:\\\/\\\/viavector.co\\\/de\\\/konvertieren\\\/jpg-in-svg-umwandeln\\\/#primaryimage\"},\"image\":{\"@id\":\"https:\\\/\\\/viavector.co\\\/de\\\/konvertieren\\\/jpg-in-svg-umwandeln\\\/#primaryimage\"},\"thumbnailUrl\":\"https:\\\/\\\/viavector.co\\\/wp-content\\\/uploads\\\/2025\\\/06\\\/ViaVector-Vectorization-Service.jpg\",\"datePublished\":\"2025-06-12T12:04:56+00:00\",\"dateModified\":\"2025-06-19T12:12:47+00:00\",\"description\":\"Konvertieren Sie JPG in SVG mit Pr\u00e4zision. Unsere Designer erstellen aus jedem Bild saubere, skalierbare SVG-Dateien, die sich ideal f\u00fcr Web, Druck oder Laserschneiden eignen.\",\"breadcrumb\":{\"@id\":\"https:\\\/\\\/viavector.co\\\/de\\\/konvertieren\\\/jpg-in-svg-umwandeln\\\/#breadcrumb\"},\"inLanguage\":\"de\",\"potentialAction\":[{\"@type\":\"ReadAction\",\"target\":[\"https:\\\/\\\/viavector.co\\\/de\\\/konvertieren\\\/jpg-in-svg-umwandeln\\\/\"]}]},{\"@type\":\"ImageObject\",\"inLanguage\":\"de\",\"@id\":\"https:\\\/\\\/viavector.co\\\/de\\\/konvertieren\\\/jpg-in-svg-umwandeln\\\/#primaryimage\",\"url\":\"https:\\\/\\\/viavector.co\\\/wp-content\\\/uploads\\\/2025\\\/06\\\/ViaVector-Vectorization-Service.jpg\",\"contentUrl\":\"https:\\\/\\\/viavector.co\\\/wp-content\\\/uploads\\\/2025\\\/06\\\/ViaVector-Vectorization-Service.jpg\",\"width\":1200,\"height\":800,\"caption\":\"ViaVector - Vectorization Service\"},{\"@type\":\"BreadcrumbList\",\"@id\":\"https:\\\/\\\/viavector.co\\\/de\\\/konvertieren\\\/jpg-in-svg-umwandeln\\\/#breadcrumb\",\"itemListElement\":[{\"@type\":\"ListItem\",\"position\":1,\"name\":\"Home\",\"item\":\"https:\\\/\\\/viavector.co\\\/de\\\/\"},{\"@type\":\"ListItem\",\"position\":2,\"name\":\"Konvertieren\",\"item\":\"https:\\\/\\\/viavector.co\\\/de\\\/konvertieren\\\/\"},{\"@type\":\"ListItem\",\"position\":3,\"name\":\"JPG in SVG umwandeln\"}]},{\"@type\":\"WebSite\",\"@id\":\"https:\\\/\\\/viavector.co\\\/de\\\/#website\",\"url\":\"https:\\\/\\\/viavector.co\\\/de\\\/\",\"name\":\"ViaVector\",\"description\":\"Vectorize Your Images for Razor-Sharp Printing\",\"publisher\":{\"@id\":\"https:\\\/\\\/viavector.co\\\/de\\\/#organization\"},\"potentialAction\":[{\"@type\":\"SearchAction\",\"target\":{\"@type\":\"EntryPoint\",\"urlTemplate\":\"https:\\\/\\\/viavector.co\\\/de\\\/?s={search_term_string}\"},\"query-input\":{\"@type\":\"PropertyValueSpecification\",\"valueRequired\":true,\"valueName\":\"search_term_string\"}}],\"inLanguage\":\"de\"},{\"@type\":\"Organization\",\"@id\":\"https:\\\/\\\/viavector.co\\\/de\\\/#organization\",\"name\":\"ViaVector\",\"url\":\"https:\\\/\\\/viavector.co\\\/de\\\/\",\"logo\":{\"@type\":\"ImageObject\",\"inLanguage\":\"de\",\"@id\":\"https:\\\/\\\/viavector.co\\\/de\\\/#\\\/schema\\\/logo\\\/image\\\/\",\"url\":\"https:\\\/\\\/viavector.co\\\/wp-content\\\/uploads\\\/2025\\\/06\\\/ViaVector-Icon-Orange-Check.jpg\",\"contentUrl\":\"https:\\\/\\\/viavector.co\\\/wp-content\\\/uploads\\\/2025\\\/06\\\/ViaVector-Icon-Orange-Check.jpg\",\"width\":1080,\"height\":1080,\"caption\":\"ViaVector\"},\"image\":{\"@id\":\"https:\\\/\\\/viavector.co\\\/de\\\/#\\\/schema\\\/logo\\\/image\\\/\"},\"sameAs\":[\"https:\\\/\\\/facebook.com\\\/ViaVectorDesign\",\"https:\\\/\\\/x.com\\\/ViaVector\",\"https:\\\/\\\/instagram.com\\\/viavectordesign\",\"https:\\\/\\\/linkedin.com\\\/company\\\/viavector\",\"https:\\\/\\\/pinterest.com\\\/ViaVectorDesign\",\"https:\\\/\\\/youtube.com\\\/@viavector\"]}]}<\/script>\n<!-- \/ Yoast SEO plugin. -->","yoast_head_json":{"title":"JPG in SVG umwandeln | Experten-Vektorisierung f\u00fcr gestochen scharfe Ergebnisse","description":"Konvertieren Sie JPG in SVG mit Pr\u00e4zision. Unsere Designer erstellen aus jedem Bild saubere, skalierbare SVG-Dateien, die sich ideal f\u00fcr Web, Druck oder Laserschneiden eignen.","robots":{"index":"index","follow":"follow","max-snippet":"max-snippet:-1","max-image-preview":"max-image-preview:large","max-video-preview":"max-video-preview:-1"},"canonical":"https:\/\/viavector.co\/de\/konvertieren\/jpg-in-svg-umwandeln\/","og_locale":"de_DE","og_type":"article","og_title":"JPG in SVG umwandeln | Experten-Vektorisierung f\u00fcr gestochen scharfe Ergebnisse","og_description":"Konvertieren Sie JPG in SVG mit Pr\u00e4zision. Unsere Designer erstellen aus jedem Bild saubere, skalierbare SVG-Dateien, die sich ideal f\u00fcr Web, Druck oder Laserschneiden eignen.","og_url":"https:\/\/viavector.co\/de\/konvertieren\/jpg-in-svg-umwandeln\/","og_site_name":"ViaVector","article_publisher":"https:\/\/facebook.com\/ViaVectorDesign","article_modified_time":"2025-06-19T12:12:47+00:00","og_image":[{"width":1200,"height":800,"url":"https:\/\/viavector.co\/wp-content\/uploads\/2025\/06\/ViaVector-Vectorization-Service.jpg","type":"image\/jpeg"}],"twitter_card":"summary_large_image","twitter_site":"@ViaVector","twitter_misc":{"Gesch\u00e4tzte Lesezeit":"1\u00a0Minute"},"schema":{"@context":"https:\/\/schema.org","@graph":[{"@type":"WebPage","@id":"https:\/\/viavector.co\/de\/konvertieren\/jpg-in-svg-umwandeln\/","url":"https:\/\/viavector.co\/de\/konvertieren\/jpg-in-svg-umwandeln\/","name":"JPG in SVG umwandeln | Experten-Vektorisierung f\u00fcr gestochen scharfe Ergebnisse","isPartOf":{"@id":"https:\/\/viavector.co\/de\/#website"},"primaryImageOfPage":{"@id":"https:\/\/viavector.co\/de\/konvertieren\/jpg-in-svg-umwandeln\/#primaryimage"},"image":{"@id":"https:\/\/viavector.co\/de\/konvertieren\/jpg-in-svg-umwandeln\/#primaryimage"},"thumbnailUrl":"https:\/\/viavector.co\/wp-content\/uploads\/2025\/06\/ViaVector-Vectorization-Service.jpg","datePublished":"2025-06-12T12:04:56+00:00","dateModified":"2025-06-19T12:12:47+00:00","description":"Konvertieren Sie JPG in SVG mit Pr\u00e4zision. Unsere Designer erstellen aus jedem Bild saubere, skalierbare SVG-Dateien, die sich ideal f\u00fcr Web, Druck oder Laserschneiden eignen.","breadcrumb":{"@id":"https:\/\/viavector.co\/de\/konvertieren\/jpg-in-svg-umwandeln\/#breadcrumb"},"inLanguage":"de","potentialAction":[{"@type":"ReadAction","target":["https:\/\/viavector.co\/de\/konvertieren\/jpg-in-svg-umwandeln\/"]}]},{"@type":"ImageObject","inLanguage":"de","@id":"https:\/\/viavector.co\/de\/konvertieren\/jpg-in-svg-umwandeln\/#primaryimage","url":"https:\/\/viavector.co\/wp-content\/uploads\/2025\/06\/ViaVector-Vectorization-Service.jpg","contentUrl":"https:\/\/viavector.co\/wp-content\/uploads\/2025\/06\/ViaVector-Vectorization-Service.jpg","width":1200,"height":800,"caption":"ViaVector - Vectorization Service"},{"@type":"BreadcrumbList","@id":"https:\/\/viavector.co\/de\/konvertieren\/jpg-in-svg-umwandeln\/#breadcrumb","itemListElement":[{"@type":"ListItem","position":1,"name":"Home","item":"https:\/\/viavector.co\/de\/"},{"@type":"ListItem","position":2,"name":"Konvertieren","item":"https:\/\/viavector.co\/de\/konvertieren\/"},{"@type":"ListItem","position":3,"name":"JPG in SVG umwandeln"}]},{"@type":"WebSite","@id":"https:\/\/viavector.co\/de\/#website","url":"https:\/\/viavector.co\/de\/","name":"ViaVector","description":"Vectorize Your Images for Razor-Sharp Printing","publisher":{"@id":"https:\/\/viavector.co\/de\/#organization"},"potentialAction":[{"@type":"SearchAction","target":{"@type":"EntryPoint","urlTemplate":"https:\/\/viavector.co\/de\/?s={search_term_string}"},"query-input":{"@type":"PropertyValueSpecification","valueRequired":true,"valueName":"search_term_string"}}],"inLanguage":"de"},{"@type":"Organization","@id":"https:\/\/viavector.co\/de\/#organization","name":"ViaVector","url":"https:\/\/viavector.co\/de\/","logo":{"@type":"ImageObject","inLanguage":"de","@id":"https:\/\/viavector.co\/de\/#\/schema\/logo\/image\/","url":"https:\/\/viavector.co\/wp-content\/uploads\/2025\/06\/ViaVector-Icon-Orange-Check.jpg","contentUrl":"https:\/\/viavector.co\/wp-content\/uploads\/2025\/06\/ViaVector-Icon-Orange-Check.jpg","width":1080,"height":1080,"caption":"ViaVector"},"image":{"@id":"https:\/\/viavector.co\/de\/#\/schema\/logo\/image\/"},"sameAs":["https:\/\/facebook.com\/ViaVectorDesign","https:\/\/x.com\/ViaVector","https:\/\/instagram.com\/viavectordesign","https:\/\/linkedin.com\/company\/viavector","https:\/\/pinterest.com\/ViaVectorDesign","https:\/\/youtube.com\/@viavector"]}]}},"_links":{"self":[{"href":"https:\/\/viavector.co\/de\/wp-json\/wp\/v2\/pages\/39701","targetHints":{"allow":["GET"]}}],"collection":[{"href":"https:\/\/viavector.co\/de\/wp-json\/wp\/v2\/pages"}],"about":[{"href":"https:\/\/viavector.co\/de\/wp-json\/wp\/v2\/types\/page"}],"author":[{"embeddable":true,"href":"https:\/\/viavector.co\/de\/wp-json\/wp\/v2\/users\/2"}],"replies":[{"embeddable":true,"href":"https:\/\/viavector.co\/de\/wp-json\/wp\/v2\/comments?post=39701"}],"version-history":[{"count":2,"href":"https:\/\/viavector.co\/de\/wp-json\/wp\/v2\/pages\/39701\/revisions"}],"predecessor-version":[{"id":40132,"href":"https:\/\/viavector.co\/de\/wp-json\/wp\/v2\/pages\/39701\/revisions\/40132"}],"up":[{"embeddable":true,"href":"https:\/\/viavector.co\/de\/wp-json\/wp\/v2\/pages\/39804"}],"wp:featuredmedia":[{"embeddable":true,"href":"https:\/\/viavector.co\/de\/wp-json\/wp\/v2\/media\/39637"}],"wp:attachment":[{"href":"https:\/\/viavector.co\/de\/wp-json\/wp\/v2\/media?parent=39701"}],"curies":[{"name":"wp","href":"https:\/\/api.w.org\/{rel}","templated":true}]}}